{"id":4,"date":"2022-09-30T08:33:04","date_gmt":"2022-09-30T08:33:04","guid":{"rendered":"https:\/\/tv-esenshamm.de\/?page_id=4"},"modified":"2022-10-25T15:31:22","modified_gmt":"2022-10-25T13:31:22","slug":"willkommen-auf-https-tv-esenshamm-de","status":"publish","type":"page","link":"https:\/\/tv-esenshamm.de\/","title":{"rendered":"Willkommen auf https:\/\/tv-esenshamm.de"},"content":{"rendered":"<div id=\"ect-no-events\"><p>There are no upcoming events at this time<\/p><\/div>\n\n\n<blockquote class=\"wp-block-quote\"><p>Als kleiner Mehrspartenverein wollen wir euch die M\u00f6glichkeiten geben beim Sport gleichgesinnte zu treffen, Spa\u00df zu haben, und sich und andere zu Fordern und zu f\u00f6rdern!<\/p><p>Inzwischen haben wir alle festgestellt, das es drei Punkte gibt, an deren L\u00f6sung wir arbeiten:<\/p><p>1. Es fehlen \u00dcbungsleiter (Teilnehmer sind vorhanden, aber niemand m\u00f6chte die Sparte leiten)<\/p><p>2. Es fehlen Teilnehmer (hier sind auch die Sparten in der Verantwortung NEUE Personen zuzulassen)<\/p><p>3. Man wei\u00df gar nicht mit welchem anderen Verein aus der Umgebung man vielleicht kooperieren kann.<\/p><p>Abhilfe schafft hier m\u00f6glicherweise die IGNV (Interessensgemeinschaft Nordenhamer Vereine), die, vertreten durch Tammo Seltmann und Ralf Buhrmann, im ersten Anlauf eine allgemeine Abfrage an die Vereine gestartet haben um \u00fcberhaupt zu wissen was haben wir hier f\u00fcr Sportarten vertreten, und wo dr\u00fccken die Schuhe&#8230;<\/p><p>Wir halten euch auf dem Laufenden!<\/p><\/blockquote>\n","protected":false},"excerpt":{"rendered":"<p>Als kleiner Mehrspartenverein wollen wir euch die M\u00f6glichkeiten geben beim Sport gleichgesinnte zu treffen, Spa\u00df zu haben, und sich und andere zu Fordern und zu f\u00f6rdern! Inzwischen haben wir alle festgestellt, das es drei&#46;&#46;&#46;<\/p>\n","protected":false},"author":1,"featured_media":0,"parent":0,"menu_order":0,"comment_status":"open","ping_status":"closed","template":"","meta":[],"_links":{"self":[{"href":"https:\/\/tv-esenshamm.de\/index.php?rest_route=\/wp\/v2\/pages\/4"}],"collection":[{"href":"https:\/\/tv-esenshamm.de\/index.php?rest_route=\/wp\/v2\/pages"}],"about":[{"href":"https:\/\/tv-esenshamm.de\/index.php?rest_route=\/wp\/v2\/types\/page"}],"author":[{"embeddable":true,"href":"https:\/\/tv-esenshamm.de\/index.php?rest_route=\/wp\/v2\/users\/1"}],"replies":[{"embeddable":true,"href":"https:\/\/tv-esenshamm.de\/index.php?rest_route=%2Fwp%2Fv2%2Fcomments&post=4"}],"version-history":[{"count":6,"href":"https:\/\/tv-esenshamm.de\/index.php?rest_route=\/wp\/v2\/pages\/4\/revisions"}],"predecessor-version":[{"id":201,"href":"https:\/\/tv-esenshamm.de\/index.php?rest_route=\/wp\/v2\/pages\/4\/revisions\/201"}],"wp:attachment":[{"href":"https:\/\/tv-esenshamm.de\/index.php?rest_route=%2Fwp%2Fv2%2Fmedia&parent=4"}],"curies":[{"name":"wp","href":"https:\/\/api.w.org\/{rel}","templated":true}]}}