{"id":35,"date":"2022-09-30T13:21:43","date_gmt":"2022-09-30T13:21:43","guid":{"rendered":"https:\/\/tv-esenshamm.de\/?page_id=35"},"modified":"2022-10-06T09:03:12","modified_gmt":"2022-10-06T09:03:12","slug":"sparten","status":"publish","type":"page","link":"https:\/\/tv-esenshamm.de\/?page_id=35","title":{"rendered":"Sparten"},"content":{"rendered":"\n<p>Im TV Esenshamm k\u00f6nnt ihr euch an bestehenden Sportarten beteiligen, oder auch neue Ideen einbringen, die wir nat\u00fcrlich gerne versuchen Umzusetzen.<\/p>\n\n\n\n<p>Kontakt gerne \u00fcber die einzelnen Sparten, oder allgemein \u00fcber das <a href=\"https:\/\/tv-esenshamm.de\/?page_id=39\">Kontaktformular<\/a><\/p>\n\n\n\n<p><strong>Zur Zeit existieren folgende Sparten<\/strong> (in alphabetischer Reihenfolge)<\/p>\n\n\n\n<figure class=\"wp-block-table is-style-stripes\"><table><thead><tr><th class=\"has-text-align-left\" data-align=\"left\"><strong>Sparte<\/strong><\/th><th class=\"has-text-align-left\" data-align=\"left\"><strong>Sparte<\/strong>nleiter<\/th><th class=\"has-text-align-left\" data-align=\"left\"><strong>Vertreter<\/strong><\/th><th class=\"has-text-align-left\" data-align=\"left\"><strong>eMail<\/strong> [Sparte]@tv-esenshamm.de<\/th><\/tr><\/thead><tbody><tr><td class=\"has-text-align-left\" data-align=\"left\"><\/td><td class=\"has-text-align-left\" data-align=\"left\"><\/td><td class=\"has-text-align-left\" data-align=\"left\"><\/td><td class=\"has-text-align-left\" data-align=\"left\"><\/td><\/tr><tr><td class=\"has-text-align-left\" data-align=\"left\"><a href=\"https:\/\/tv-esenshamm.de\/?page_id=95\">Badminton<\/a><\/td><td class=\"has-text-align-left\" data-align=\"left\">Thorsten Ottensmeier<\/td><td class=\"has-text-align-left\" data-align=\"left\">n.B<\/td><td class=\"has-text-align-left\" data-align=\"left\"><a href=\"mailto:badminton&#64;tv-esenshamm.de\">badminton[at]tv-esenshamm.de<\/a><\/td><\/tr><tr><td class=\"has-text-align-left\" data-align=\"left\"><a href=\"https:\/\/tv-esenshamm.de\/?page_id=104\">Boule<\/a><\/td><td class=\"has-text-align-left\" data-align=\"left\">Rudi Czerner<\/td><td class=\"has-text-align-left\" data-align=\"left\">n.B.<\/td><td class=\"has-text-align-left\" data-align=\"left\"><a href=\"mailto:boule@tv-esenshamm.de\">boule[at]tv-esenshamm.de<\/a><\/td><\/tr><tr><td class=\"has-text-align-left\" data-align=\"left\"><a href=\"https:\/\/tv-esenshamm.de\/?page_id=110\">Faustball<\/a><\/td><td class=\"has-text-align-left\" data-align=\"left\">Klaus Lampe<\/td><td class=\"has-text-align-left\" data-align=\"left\">n.B.<\/td><td class=\"has-text-align-left\" data-align=\"left\"><a href=\"mailto:faustball@tv-esenshamm.de\">faustball[at]tv-esenshamm.de<\/a><\/td><\/tr><tr><td class=\"has-text-align-left\" data-align=\"left\"><a href=\"https:\/\/tv-esenshamm.de\/?page_id=106\">Fu\u00dfball<\/a><\/td><td class=\"has-text-align-left\" data-align=\"left\">Michael Tempel<\/td><td class=\"has-text-align-left\" data-align=\"left\">Leon Tempel<\/td><td class=\"has-text-align-left\" data-align=\"left\"><a href=\"mailto:fussball@tv-esenshamm.de\">fussball[at]tv-esenshamm.de<\/a><\/td><\/tr><tr><td class=\"has-text-align-left\" data-align=\"left\"><a href=\"https:\/\/tv-esenshamm.de\/?page_id=108\">Kinderturnen<\/a><\/td><td class=\"has-text-align-left\" data-align=\"left\">Jessica Poppe<\/td><td class=\"has-text-align-left\" data-align=\"left\">n.B.<\/td><td class=\"has-text-align-left\" data-align=\"left\"><a href=\"mailto:kinderturnen@tv-esenshamm.de\">kinderturnen[at]tv-esenshamm.de<\/a><\/td><\/tr><tr><td class=\"has-text-align-left\" data-align=\"left\"><a href=\"https:\/\/tv-esenshamm.de\/?page_id=115\">Lauftreff \/ NordicWalking<\/a><\/td><td class=\"has-text-align-left\" data-align=\"left\">n.B.<\/td><td class=\"has-text-align-left\" data-align=\"left\">n.B.<\/td><td class=\"has-text-align-left\" data-align=\"left\"><a href=\"mailto:lauftreff@tv-esenshamm.de\">lauftreff[at]tv-esenshamm.de<\/a><\/td><\/tr><tr><td class=\"has-text-align-left\" data-align=\"left\"><a href=\"https:\/\/tv-esenshamm.de\/?page_id=112\">Pilates<\/a><\/td><td class=\"has-text-align-left\" data-align=\"left\">Anke Bessel Dietrich<\/td><td class=\"has-text-align-left\" data-align=\"left\">n.B.<\/td><td class=\"has-text-align-left\" data-align=\"left\"><a href=\"mailto:pilates@tv-esenshamm.de\">pilates[at]tv-esenshamm.de<\/a><\/td><\/tr><tr><td class=\"has-text-align-left\" data-align=\"left\"><a href=\"https:\/\/tv-esenshamm.de\/?page_id=117\">Tischtennis Hobbygruppe<\/a><\/td><td class=\"has-text-align-left\" data-align=\"left\">Wolfgang M\u00fcller<\/td><td class=\"has-text-align-left\" data-align=\"left\">Jan Bahlmann<\/td><td class=\"has-text-align-left\" data-align=\"left\"><a href=\"mailto:tt-hobby@tv-esenshamm.de\">tt-hobby[at]tv-esenshamm.de<\/a><\/td><\/tr><tr><td class=\"has-text-align-left\" data-align=\"left\"><a href=\"https:\/\/tv-esenshamm.de\/?page_id=119\">Tischtennis Punktspiele<\/a><\/td><td class=\"has-text-align-left\" data-align=\"left\">Anja M\u00fcller<\/td><td class=\"has-text-align-left\" data-align=\"left\">n.B.<\/td><td class=\"has-text-align-left\" data-align=\"left\"><a href=\"mailto:tischtennis@tv-esenshamm.de\">tischtennis[at]tv-esenshamm.de<\/a><\/td><\/tr><tr><td class=\"has-text-align-left\" data-align=\"left\"><a href=\"https:\/\/tv-esenshamm.de\/?page_id=121\">Volleyball<\/a><\/td><td class=\"has-text-align-left\" data-align=\"left\">Markus Ottensmeier<\/td><td class=\"has-text-align-left\" data-align=\"left\">n.B.<\/td><td class=\"has-text-align-left\" data-align=\"left\"><a href=\"mailto:volleyball@tv-esenshamm.de\">volleyball[at]tv-esenshamm.de<\/a><\/td><\/tr><\/tbody><\/table><\/figure>\n\n\n\n<p><\/p>\n\n\n\n<p><\/p>\n\n\n\n<p><\/p>\n\n\n\n<p><\/p>\n\n\n\n<p><\/p>\n\n\n\n<p><\/p>\n\n\n\n<p><\/p>\n\n\n\n<p><\/p>\n\n\n\n<p><\/p>\n\n\n\n<p><\/p>\n","protected":false},"excerpt":{"rendered":"<p>Im TV Esenshamm k\u00f6nnt ihr euch an bestehenden Sportarten beteiligen, oder auch neue Ideen einbringen, die wir nat\u00fcrlich gerne versuchen Umzusetzen. Kontakt gerne \u00fcber die einzelnen Sparten, oder allgemein \u00fcber das Kontaktformular Zur Zeit&#46;&#46;&#46;<\/p>\n","protected":false},"author":1,"featured_media":0,"parent":0,"menu_order":0,"comment_status":"open","ping_status":"closed","template":"","meta":[],"_links":{"self":[{"href":"https:\/\/tv-esenshamm.de\/index.php?rest_route=\/wp\/v2\/pages\/35"}],"collection":[{"href":"https:\/\/tv-esenshamm.de\/index.php?rest_route=\/wp\/v2\/pages"}],"about":[{"href":"https:\/\/tv-esenshamm.de\/index.php?rest_route=\/wp\/v2\/types\/page"}],"author":[{"embeddable":true,"href":"https:\/\/tv-esenshamm.de\/index.php?rest_route=\/wp\/v2\/users\/1"}],"replies":[{"embeddable":true,"href":"https:\/\/tv-esenshamm.de\/index.php?rest_route=%2Fwp%2Fv2%2Fcomments&post=35"}],"version-history":[{"count":9,"href":"https:\/\/tv-esenshamm.de\/index.php?rest_route=\/wp\/v2\/pages\/35\/revisions"}],"predecessor-version":[{"id":164,"href":"https:\/\/tv-esenshamm.de\/index.php?rest_route=\/wp\/v2\/pages\/35\/revisions\/164"}],"wp:attachment":[{"href":"https:\/\/tv-esenshamm.de\/index.php?rest_route=%2Fwp%2Fv2%2Fmedia&parent=35"}],"curies":[{"name":"wp","href":"https:\/\/api.w.org\/{rel}","templated":true}]}}