{"id":121,"date":"2022-10-02T19:37:18","date_gmt":"2022-10-02T19:37:18","guid":{"rendered":"https:\/\/tv-esenshamm.de\/?page_id=121"},"modified":"2022-10-02T19:37:19","modified_gmt":"2022-10-02T19:37:19","slug":"volleyball","status":"publish","type":"page","link":"https:\/\/tv-esenshamm.de\/?page_id=121","title":{"rendered":"Volleyball"},"content":{"rendered":"\n<p><\/p>\n\n\n\n<p>Hier k\u00f6nnen sich die Volleyballer Ihre Informationen zusammenstellen die sie gerne ver\u00f6ffentlichen m\u00f6chten!<\/p>\n","protected":false},"excerpt":{"rendered":"<p>Hier k\u00f6nnen sich die Volleyballer Ihre Informationen zusammenstellen die sie gerne ver\u00f6ffentlichen m\u00f6chten!<\/p>\n","protected":false},"author":1,"featured_media":0,"parent":35,"menu_order":45,"comment_status":"open","ping_status":"closed","template":"","meta":[],"_links":{"self":[{"href":"https:\/\/tv-esenshamm.de\/index.php?rest_route=\/wp\/v2\/pages\/121"}],"collection":[{"href":"https:\/\/tv-esenshamm.de\/index.php?rest_route=\/wp\/v2\/pages"}],"about":[{"href":"https:\/\/tv-esenshamm.de\/index.php?rest_route=\/wp\/v2\/types\/page"}],"author":[{"embeddable":true,"href":"https:\/\/tv-esenshamm.de\/index.php?rest_route=\/wp\/v2\/users\/1"}],"replies":[{"embeddable":true,"href":"https:\/\/tv-esenshamm.de\/index.php?rest_route=%2Fwp%2Fv2%2Fcomments&post=121"}],"version-history":[{"count":1,"href":"https:\/\/tv-esenshamm.de\/index.php?rest_route=\/wp\/v2\/pages\/121\/revisions"}],"predecessor-version":[{"id":122,"href":"https:\/\/tv-esenshamm.de\/index.php?rest_route=\/wp\/v2\/pages\/121\/revisions\/122"}],"up":[{"embeddable":true,"href":"https:\/\/tv-esenshamm.de\/index.php?rest_route=\/wp\/v2\/pages\/35"}],"wp:attachment":[{"href":"https:\/\/tv-esenshamm.de\/index.php?rest_route=%2Fwp%2Fv2%2Fmedia&parent=121"}],"curies":[{"name":"wp","href":"https:\/\/api.w.org\/{rel}","templated":true}]}}